{"id":6,"date":"2020-05-18T12:54:16","date_gmt":"2020-05-18T10:54:16","guid":{"rendered":"https:\/\/gutschein-fuer-dich.com\/coupon-listings\/"},"modified":"2023-10-02T12:02:29","modified_gmt":"2023-10-02T10:02:29","slug":"startseite","status":"publish","type":"page","link":"https:\/\/gutschein-fuer-dich.com\/de\/","title":{"rendered":"Startseite"},"content":{"rendered":"<h1 style=\"text-align: center;\">Gutschein fuer Dich<\/h1>\n<p align=\"justify\">Du willst nie wieder zu viel f\u00fcr deine Online-Bestellungen zahlen? Dann bist du bei Gutschein-fuer-dich genau richtig! Wir suchen f\u00fcr dich t\u00e4glich die besten und aktuellsten Deals aus den tollsten Onlineshops in ganz \u00d6sterreich. \u00dcberzeug dich selbst und schau vor deiner n\u00e4chsten Bestellung auf unserer Homepage vorbei. Oder werde Fan unserer Seite, um keine genialen Deals mehr zu verpassen. Zus\u00e4tzlich kannst du dich in unserem Blog, mit t\u00e4glich neuen Artikeln, \u00fcber die aktuell angesagtesten Themen informieren. Werde jetzt ein Teil der GFD Familie und lass uns gemeinsam Sparen!<\/p>\n<p>Wir freuen uns auf dich!<\/p>\n<div class=\"gutsc-gutscheine_mit_yieldscale\" style=\"margin-top: 10px;margin-bottom: 10px;\" id=\"gutsc-2466840425\"><img loading=\"lazy\" decoding=\"async\" src=\"https:\/\/gutschein-fuer-dich.com\/wp-content\/plugins\/advanced-ads\/public\/assets\/img\/dummy.jpg\" width=\"300\" height=\"250\" style=\"display: inline-block;\" \/><\/div>","protected":false},"excerpt":{"rendered":"<p>Gutschein fuer Dich Du willst nie wieder zu viel f\u00fcr deine Online-Bestellungen zahlen? Dann bist du bei Gutschein-fuer-dich genau richtig! Wir suchen f\u00fcr dich t\u00e4glich die besten und aktuellsten Deals aus den tollsten Onlineshops in ganz \u00d6sterreich. \u00dcberzeug dich selbst und schau vor deiner n\u00e4chsten Bestellung auf unserer Homepage vorbei. Oder werde Fan unserer Seite, [&hellip;]<\/p>","protected":false},"author":1,"featured_media":155,"parent":0,"menu_order":0,"comment_status":"closed","ping_status":"closed","template":"","meta":{"_acf_changed":false,"om_disable_all_campaigns":false,"_monsterinsights_skip_tracking":false,"_monsterinsights_sitenote_active":false,"_monsterinsights_sitenote_note":"","_monsterinsights_sitenote_category":0,"footnotes":""},"acf":[],"amp_enabled":true,"_links":{"self":[{"href":"https:\/\/gutschein-fuer-dich.com\/de\/wp-json\/wp\/v2\/pages\/6"}],"collection":[{"href":"https:\/\/gutschein-fuer-dich.com\/de\/wp-json\/wp\/v2\/pages"}],"about":[{"href":"https:\/\/gutschein-fuer-dich.com\/de\/wp-json\/wp\/v2\/types\/page"}],"author":[{"embeddable":true,"href":"https:\/\/gutschein-fuer-dich.com\/de\/wp-json\/wp\/v2\/users\/1"}],"replies":[{"embeddable":true,"href":"https:\/\/gutschein-fuer-dich.com\/de\/wp-json\/wp\/v2\/comments?post=6"}],"version-history":[{"count":2,"href":"https:\/\/gutschein-fuer-dich.com\/de\/wp-json\/wp\/v2\/pages\/6\/revisions"}],"predecessor-version":[{"id":215431,"href":"https:\/\/gutschein-fuer-dich.com\/de\/wp-json\/wp\/v2\/pages\/6\/revisions\/215431"}],"wp:featuredmedia":[{"embeddable":true,"href":"https:\/\/gutschein-fuer-dich.com\/de\/wp-json\/wp\/v2\/media\/155"}],"wp:attachment":[{"href":"https:\/\/gutschein-fuer-dich.com\/de\/wp-json\/wp\/v2\/media?parent=6"}],"curies":[{"name":"wp","href":"https:\/\/api.w.org\/{rel}","templated":true}]}}