{"id":50,"date":"2020-05-04T10:58:26","date_gmt":"2020-05-04T08:58:26","guid":{"rendered":"https:\/\/ch-at.rabatt-coupon.com\/?page_id=50"},"modified":"2020-11-16T09:22:11","modified_gmt":"2020-11-16T08:22:11","slug":"impressum","status":"publish","type":"page","link":"https:\/\/gutschein-fuer-dich.com\/de\/impressum\/","title":{"rendered":"Impressum"},"content":{"rendered":"<p class=\"\"><span class=\"\">IMPRESSUM<\/span><\/p>\n<p class=\"\"><span class=\"\"><a class=\"\" href=\"http:\/\/gutschein-fuer-dich.com\" target=\"_blank\" rel=\"noopener noreferrer\">gutschein-fuer-dich.com<\/a> ist ein Projekt der<\/span><\/p>\n<p class=\"\"><span class=\"\">45Nord \u2013\u00a0<a class=\"aalmanual\" title=\"agentur f\u00fcr onlinemarketing\" href=\"https:\/\/45nord.de\/\" target=\"_blank\" rel=\"noopener noreferrer\">Agentur f\u00fcr Onlinemarketing<\/a><\/span><\/p>\n<p class=\"\">Inhaber: Nicola Sonnleitner<\/p>\n<p class=\"\">Maximilianstra\u00dfe 66<br class=\"\" \/>86150 Augsburg<br class=\"\" \/>Webseite:\u00a0<a class=\"\" title=\"Agentur 45 Nord\" href=\"http:\/\/www.45nord.de\/\" target=\"_blank\" rel=\"noopener noreferrer\">www.45nord.de<\/a><\/p>\n<p class=\"\">info (\u00e4t) <a class=\"\" href=\"http:\/\/45nord.de\" target=\"_blank\" rel=\"noopener noreferrer\">45nord.de<\/a><br class=\"\" \/>Phone: +49 \u2013 821 \u2013 450 34 999<br class=\"\" \/>Steuernummer:\u00a0103\/275\/12094<br class=\"\" \/>USt-IdNr: DE283665837<br class=\"\" \/>Betriebsnummer: 29354834<br class=\"\" \/>Finanzamt Augsburg Stadt<\/p>\n<p class=\"\"><span class=\"\">Verantwortlich f\u00fcr den Inhalt nach \u00a7 18 Abs. 2 MStV:<\/span><\/p>\n<p class=\"\">Nicola Sonnleitner (Adresse wie oben)<\/p>\n<h3 class=\"\">Social Media und weitere Onlineprofile sowie -Pr\u00e4senzen<\/h3>\n<p class=\"\">Dieses Impressum gilt auch f\u00fcr die folgenden Social-Media-Pr\u00e4senzen und Onlineprofile:<br class=\"\" \/><a class=\"\" href=\"https:\/\/www.facebook.com\/gutscheinfuer\/\" target=\"_blank\" rel=\"noopener noreferrer\">https:\/\/www.facebook.com\/gutscheinfuer\/<\/a><br class=\"\" \/><a class=\"\" href=\"https:\/\/www.instagram.com\/gutschein_fuer_dich\/\" target=\"_blank\" rel=\"noopener noreferrer\">https:\/\/www.instagram.com\/gutschein_fuer_dich\/<\/a><\/p>\n<h2 class=\"\">Haftungs- und Urheberrechtshinweise<\/h2>\n<h3 class=\"\">Haftung f\u00fcr Inhalte<\/h3>\n<p class=\"\">Als Diensteanbieter sind wir gem\u00e4\u00df \u00a7 7 Abs.1 TMG f\u00fcr eigene Inhalte auf diesen Seiten nach den allgemeinen Gesetzen verantwortlich. Nach \u00a7\u00a7 8 bis 10 TMG sind wir als Diensteanbieter jedoch nicht verpflichtet, \u00fcbermittelte oder gespeicherte fremde Informationen zu \u00fcberwachen oder nach Umst\u00e4nden zu forschen, die auf eine rechtswidrige T\u00e4tigkeit hinweisen.<\/p>\n<p class=\"\">Verpflichtungen zur Entfernung oder Sperrung der Nutzung von Informationen nach den allgemeinen Gesetzen bleiben hiervon unber\u00fchrt. Eine diesbez\u00fcgliche Haftung ist jedoch erst ab dem Zeitpunkt der Kenntnis einer konkreten Rechtsverletzung m\u00f6glich. Bei Bekanntwerden von entsprechenden Rechtsverletzungen werden wir diese Inhalte umgehend entfernen.<\/p>\n<h3 class=\"\">Haftungsausschluss<\/h3>\n<p class=\"\">Die Inhalte dieses Onlineangebotes wurden sorgf\u00e4ltig und nach unserem aktuellen Kenntnisstand erstellt, dienen jedoch nur der Information und entfalten keine rechtlich bindende Wirkung, sofern es sich nicht um gesetzlich verpflichtende Informationen (z.B. das Impressum, die Datenschutzerkl\u00e4rung, AGB oder verpflichtende Belehrungen von Verbrauchern) handelt. Wir behalten uns vor, die Inhalte vollst\u00e4ndig oder teilweise zu \u00e4ndern oder zu l\u00f6schen, soweit vertragliche Verpflichtungen unber\u00fchrt bleiben. Alle Angebote sind freibleibend und unverbindlich.<\/p>\n<h3 class=\"\">Haftung f\u00fcr Links<\/h3>\n<p class=\"\">Unser Angebot enth\u00e4lt Links zu externen Webseiten Dritter, auf deren Inhalte wir keinen Einfluss haben. Deshalb k\u00f6nnen wir f\u00fcr diese fremden Inhalte auch keine Gew\u00e4hr \u00fcbernehmen. Inhalte fremder Webseiten, auf die wir direkt oder indirekt verweisen, liegen au\u00dferhalb unseres Verantwortungsbereiches und machen wir uns nicht zu Eigen. F\u00fcr alle Inhalte und insbesondere f\u00fcr Sch\u00e4den, die aus der Nutzung der in den verlinkten Webseiten aufrufbaren Informationen entstehen, haftet allein der Anbieter der verlinkten Webseiten.<\/p>\n<p class=\"\">Eine permanente inhaltliche Kontrolle der verlinkten Seiten ist jedoch ohne konkrete Anhaltspunkte einer Rechtsverletzung nicht zumutbar.<\/p>\n<h3 class=\"\">Urheberrecht<\/h3>\n<p class=\"\">Die durch die Seitenbetreiber erstellten Inhalte und Werke auf diesen Seiten unterliegen dem deutschen Urheberrecht. Die Vervielf\u00e4ltigung, Bearbeitung, Verbreitung und jede Art der Verwertung au\u00dferhalb der Grenzen des Urheberrechtes bed\u00fcrfen der schriftlichen Zustimmung des jeweiligen Autors bzw. Erstellers. Downloads und Kopien dieser Seite sind nicht gestattet.<\/p>\n<p class=\"\">Soweit die Inhalte auf dieser Seite nicht vom Betreiber erstellt wurden, werden die Urheberrechte Dritter beachtet. Insbesondere werden Inhalte Dritter als solche gekennzeichnet. Sollten Sie trotzdem auf eine Urheberrechtsverletzung aufmerksam werden, bitten wir um einen entsprechenden Hinweis. Bei Bekanntwerden von Rechtsverletzungen werden wir derartige Inhalte umgehend entfernen.<\/p>\n<h3 class=\"\">Markenrecht<\/h3>\n<p class=\"\">Alle auf dieser Website dargestellten Inhalte, wie Texte, Fotografien, Grafiken, Marken und Warenzeichen sind durch die jeweiligen Schutzrechte (Urheberrechte, Markenrechte) gesch\u00fctzt. Die Verwendung, Vervielf\u00e4ltigung usw. unterliegen unseren Rechten oder den Rechten der jeweiligen Urheber bzw. Rechteverwalter.<\/p>\n<h3 class=\"\">Hinweise auf Rechtsverst\u00f6\u00dfe<\/h3>\n<p class=\"\">Sollten Sie innerhalb unseres Internetauftritts Rechtsverst\u00f6\u00dfe bemerken, bitten wir Sie uns auf diese hinzuweisen. Wir werden rechtswidrige Inhalte und Links nach Kenntnisnahme unverz\u00fcglich entfernen.<\/p>\n<h3 class=\"\">Versicherung<\/h3>\n<p class=\"\">Unsere Betriebs-\/Berufshaftpflich, Umwelthaftpflicht- und Umweltschadenversicherung liegt bei der\u00a0Versicherungskammer Bayern \u2013\u00a0Versicherungsanstalt des \u00f6ffentlichen Rechts \/\u00a0Anschrift: Maximilianstra\u00dfe 53, 80530 M\u00fcnchen<\/p>\n<h3 class=\"\">Hinweis auf EU-Streitschlichtung \/\u00a0Online-Streitbeilegung<\/h3>\n<p class=\"\">Die Europ\u00e4ische Kommission stellt eine Plattform zur Online-Streitbeilegung (OS) bereit:\u00a0<a class=\"\" href=\"http:\/\/ec.europa.eu\/consumers\/odr\" target=\"_blank\" rel=\"noopener noreferrer\">ec.europa.eu\/consumers\/odr<\/a>. Unsere E-Mail-Adresse finden Sie oben im Impressum. Wir sind nicht bereit oder verpflichtet, an Streitbeilegungsverfahren vor einer Verbraucherschlichtungsstelle teilzunehmen.<\/p>\n<div class=\"gutsc-gutscheine_mit_yieldscale\" style=\"margin-top: 10px;margin-bottom: 10px;\" id=\"gutsc-1050621590\"><img loading=\"lazy\" decoding=\"async\" src=\"https:\/\/gutschein-fuer-dich.com\/wp-content\/plugins\/advanced-ads\/public\/assets\/img\/dummy.jpg\" width=\"300\" height=\"250\" style=\"display: inline-block;\" \/><\/div>","protected":false},"excerpt":{"rendered":"<p>IMPRESSUM gutschein-fuer-dich.com ist ein Projekt der 45Nord \u2013\u00a0Agentur f\u00fcr Onlinemarketing Inhaber: Nicola Sonnleitner Maximilianstra\u00dfe 6686150 AugsburgWebseite:\u00a0www.45nord.de info (\u00e4t) 45nord.dePhone: +49 \u2013 821 \u2013 450 34 999Steuernummer:\u00a0103\/275\/12094USt-IdNr: DE283665837Betriebsnummer: 29354834Finanzamt Augsburg Stadt Verantwortlich f\u00fcr den Inhalt nach \u00a7 18 Abs. 2 MStV: Nicola Sonnleitner (Adresse wie oben) Social Media und weitere Onlineprofile sowie -Pr\u00e4senzen Dieses Impressum gilt [&hellip;]<\/p>","protected":false},"author":41,"featured_media":0,"parent":0,"menu_order":0,"comment_status":"closed","ping_status":"closed","template":"","meta":{"_acf_changed":false,"om_disable_all_campaigns":false,"_monsterinsights_skip_tracking":false,"_monsterinsights_sitenote_active":false,"_monsterinsights_sitenote_note":"","_monsterinsights_sitenote_category":0,"footnotes":""},"acf":[],"amp_enabled":true,"_links":{"self":[{"href":"https:\/\/gutschein-fuer-dich.com\/de\/wp-json\/wp\/v2\/pages\/50"}],"collection":[{"href":"https:\/\/gutschein-fuer-dich.com\/de\/wp-json\/wp\/v2\/pages"}],"about":[{"href":"https:\/\/gutschein-fuer-dich.com\/de\/wp-json\/wp\/v2\/types\/page"}],"author":[{"embeddable":true,"href":"https:\/\/gutschein-fuer-dich.com\/de\/wp-json\/wp\/v2\/users\/41"}],"replies":[{"embeddable":true,"href":"https:\/\/gutschein-fuer-dich.com\/de\/wp-json\/wp\/v2\/comments?post=50"}],"version-history":[{"count":0,"href":"https:\/\/gutschein-fuer-dich.com\/de\/wp-json\/wp\/v2\/pages\/50\/revisions"}],"wp:attachment":[{"href":"https:\/\/gutschein-fuer-dich.com\/de\/wp-json\/wp\/v2\/media?parent=50"}],"curies":[{"name":"wp","href":"https:\/\/api.w.org\/{rel}","templated":true}]}}