{"id":3783,"date":"2020-08-04T12:26:45","date_gmt":"2020-08-04T10:26:45","guid":{"rendered":"https:\/\/gutschein-fuer-dich.com\/?page_id=3783"},"modified":"2022-03-31T15:46:13","modified_gmt":"2022-03-31T13:46:13","slug":"alle-gutscheine","status":"publish","type":"page","link":"https:\/\/gutschein-fuer-dich.com\/de\/alle-gutscheine\/","title":{"rendered":"Alle Gutscheine"},"content":{"rendered":"<h2>Gutschein f\u00fcr dich \u2013 das neue Gutscheinportal f\u00fcr \u00d6sterreich<\/h2>\n<p align=\"justify\">Du willst nie wieder zu viel f\u00fcr deine Online-Bestellungen zahlen? Dann bist du bei Gutschein-fuer-dich genau richtig! Wir suchen f\u00fcr dich t\u00e4glich die besten und aktuellsten Deals aus den tollsten Onlineshops in ganz \u00d6sterreich. \u00dcberzeug dich selbst und schau vor deiner n\u00e4chsten Bestellung alle-gutscheine auf unserer Homepage vorbei. Oder werde Fan unserer Seite, um keine genialen Deals mehr zu verpassen. Zus\u00e4tzlich kannst du dich in unserem Blog, mit t\u00e4glich neuen Artikeln, \u00fcber die aktuell angesagtesten Themen informieren. Werde jetzt ein Teil der GFD Familie und lass uns gemeinsam Sparen!<\/p>\n<p>Wir freuen uns auf dich<\/p>\n<div class=\"gutsc-gutscheine_mit_yieldscale\" style=\"margin-top: 10px;margin-bottom: 10px;\" id=\"gutsc-2407171139\"><img loading=\"lazy\" decoding=\"async\" src=\"https:\/\/gutschein-fuer-dich.com\/wp-content\/plugins\/advanced-ads\/public\/assets\/img\/dummy.jpg\" width=\"300\" height=\"250\" style=\"display: inline-block;\" \/><\/div>","protected":false},"excerpt":{"rendered":"<p>Gutschein f\u00fcr dich \u2013 das neue Gutscheinportal f\u00fcr \u00d6sterreich Du willst nie wieder zu viel f\u00fcr deine Online-Bestellungen zahlen? Dann bist du bei Gutschein-fuer-dich genau richtig! Wir suchen f\u00fcr dich t\u00e4glich die besten und aktuellsten Deals aus den tollsten Onlineshops in ganz \u00d6sterreich. \u00dcberzeug dich selbst und schau vor deiner n\u00e4chsten Bestellung alle-gutscheine auf unserer [&hellip;]<\/p>","protected":false},"author":1,"featured_media":0,"parent":0,"menu_order":0,"comment_status":"closed","ping_status":"closed","template":"Startseite_alle_gutscheine.php","meta":{"_acf_changed":false,"om_disable_all_campaigns":false,"_monsterinsights_skip_tracking":false,"_monsterinsights_sitenote_active":false,"_monsterinsights_sitenote_note":"","_monsterinsights_sitenote_category":0,"footnotes":""},"acf":[],"amp_enabled":true,"_links":{"self":[{"href":"https:\/\/gutschein-fuer-dich.com\/de\/wp-json\/wp\/v2\/pages\/3783"}],"collection":[{"href":"https:\/\/gutschein-fuer-dich.com\/de\/wp-json\/wp\/v2\/pages"}],"about":[{"href":"https:\/\/gutschein-fuer-dich.com\/de\/wp-json\/wp\/v2\/types\/page"}],"author":[{"embeddable":true,"href":"https:\/\/gutschein-fuer-dich.com\/de\/wp-json\/wp\/v2\/users\/1"}],"replies":[{"embeddable":true,"href":"https:\/\/gutschein-fuer-dich.com\/de\/wp-json\/wp\/v2\/comments?post=3783"}],"version-history":[{"count":0,"href":"https:\/\/gutschein-fuer-dich.com\/de\/wp-json\/wp\/v2\/pages\/3783\/revisions"}],"wp:attachment":[{"href":"https:\/\/gutschein-fuer-dich.com\/de\/wp-json\/wp\/v2\/media?parent=3783"}],"curies":[{"name":"wp","href":"https:\/\/api.w.org\/{rel}","templated":true}]}}