{"id":311,"date":"2020-06-25T17:29:27","date_gmt":"2020-06-25T15:29:27","guid":{"rendered":"https:\/\/gutschein-fuer-dich.com\/?page_id=311"},"modified":"2020-06-26T11:46:37","modified_gmt":"2020-06-26T09:46:37","slug":"magdalena","status":"publish","type":"page","link":"https:\/\/gutschein-fuer-dich.com\/de\/magdalena\/","title":{"rendered":"<center>Magdalena<\/center>"},"content":{"rendered":"<h3>HR Managerin und Assistenz der Gesch\u00e4ftsf\u00fchrung<\/h3>\n<p>Unsere Schn\u00e4ppchenj\u00e4gerin. Mit ihrer Hilfe brecht auch ihr den Rabatt-Rekord!<\/p>\n<p>Hi, ich bin Magdalena und ein stolzes Mitglied der Redaktion bei GFD. Ich stelle f\u00fcr dich jeden Tag brandneue Gutscheine bereit, die ich auf meiner Schn\u00e4ppchenjagd gesammelt habe. Denn ich liebe Shopping und Schn\u00e4ppchen! Meine Leidenschaft ist aber auch gutes Essen, Musik und Spa\u00df am Leben. Dar\u00fcber kannst du auch in meinen Blog-Artikeln mehr erfahren und dich von meinen Lifestyle-, Mode- oder Koch-Tipps inspirieren lassen. Das alles nat\u00fcrlich gekoppelt mit unseren Spitzenshops und immer den neusten Gutscheinen.<\/p>\n<div class=\"gutsc-gutscheine_mit_yieldscale\" style=\"margin-top: 10px;margin-bottom: 10px;\" id=\"gutsc-1472307102\"><img loading=\"lazy\" decoding=\"async\" src=\"https:\/\/gutschein-fuer-dich.com\/wp-content\/plugins\/advanced-ads\/public\/assets\/img\/dummy.jpg\" width=\"300\" height=\"250\" style=\"display: inline-block;\" \/><\/div>","protected":false},"excerpt":{"rendered":"<p>HR Managerin und Assistenz der Gesch\u00e4ftsf\u00fchrung Unsere Schn\u00e4ppchenj\u00e4gerin. Mit ihrer Hilfe brecht auch ihr den Rabatt-Rekord! Hi, ich bin Magdalena und ein stolzes Mitglied der Redaktion bei GFD. Ich stelle f\u00fcr dich jeden Tag brandneue Gutscheine bereit, die ich auf meiner Schn\u00e4ppchenjagd gesammelt habe. Denn ich liebe Shopping und Schn\u00e4ppchen! Meine Leidenschaft ist aber auch [&hellip;]<\/p>","protected":false},"author":1,"featured_media":0,"parent":0,"menu_order":0,"comment_status":"closed","ping_status":"closed","template":"","meta":{"_acf_changed":false,"om_disable_all_campaigns":false,"_monsterinsights_skip_tracking":false,"_monsterinsights_sitenote_active":false,"_monsterinsights_sitenote_note":"","_monsterinsights_sitenote_category":0,"footnotes":""},"acf":[],"amp_enabled":true,"_links":{"self":[{"href":"https:\/\/gutschein-fuer-dich.com\/de\/wp-json\/wp\/v2\/pages\/311"}],"collection":[{"href":"https:\/\/gutschein-fuer-dich.com\/de\/wp-json\/wp\/v2\/pages"}],"about":[{"href":"https:\/\/gutschein-fuer-dich.com\/de\/wp-json\/wp\/v2\/types\/page"}],"author":[{"embeddable":true,"href":"https:\/\/gutschein-fuer-dich.com\/de\/wp-json\/wp\/v2\/users\/1"}],"replies":[{"embeddable":true,"href":"https:\/\/gutschein-fuer-dich.com\/de\/wp-json\/wp\/v2\/comments?post=311"}],"version-history":[{"count":0,"href":"https:\/\/gutschein-fuer-dich.com\/de\/wp-json\/wp\/v2\/pages\/311\/revisions"}],"wp:attachment":[{"href":"https:\/\/gutschein-fuer-dich.com\/de\/wp-json\/wp\/v2\/media?parent=311"}],"curies":[{"name":"wp","href":"https:\/\/api.w.org\/{rel}","templated":true}]}}