{"id":309,"date":"2020-06-25T17:28:54","date_gmt":"2020-06-25T15:28:54","guid":{"rendered":"https:\/\/gutschein-fuer-dich.com\/?page_id=309"},"modified":"2020-06-26T11:49:03","modified_gmt":"2020-06-26T09:49:03","slug":"sebastian","status":"publish","type":"page","link":"https:\/\/gutschein-fuer-dich.com\/de\/sebastian\/","title":{"rendered":"<center>Sebastian<\/center>"},"content":{"rendered":"<div class=\"\">\n<h3>Content-Manager<\/h3>\n<p class=\"\">Der Kaffe-Junkie im B\u00fcro und selbsternannter Shopping-Gott.<\/p>\n<p class=\"\">Seit November 2019 geh\u00f6re ich als Content-Manager zum Team der Redaktion. Als Kaffee-Junkie von der Firma schreibe ich nicht nur Artikel sondern Suche f\u00fcr euch die aktuellsten Gutscheine, Aktionen oder Rabatte zum sparen. F\u00fcr mich selber sind Gutscheine und Aktionen sehr wichtig! Man erh\u00e4lt n\u00e4mlich bestimmte Artikel nur im Online Shop &#8211; wen man dabei noch spart ist es doch umso besser! Wenn ich nicht am arbeiten bin, was bei mir eine echte Seltenheit ist, findet man mich beim Sport. Die Zeit f\u00fcrs zocken auf der Konsole sowie das entspannen mit meiner Lieblingsmusik von Hans Zimmer nehme ich mir trotzdem.<\/p>\n<\/div>\n<div class=\"gutsc-gutscheine_mit_yieldscale\" style=\"margin-top: 10px;margin-bottom: 10px;\" id=\"gutsc-3189302561\"><img loading=\"lazy\" decoding=\"async\" src=\"https:\/\/gutschein-fuer-dich.com\/wp-content\/plugins\/advanced-ads\/public\/assets\/img\/dummy.jpg\" width=\"300\" height=\"250\" style=\"display: inline-block;\" \/><\/div>","protected":false},"excerpt":{"rendered":"<p>Content-Manager Der Kaffe-Junkie im B\u00fcro und selbsternannter Shopping-Gott. Seit November 2019 geh\u00f6re ich als Content-Manager zum Team der Redaktion. Als Kaffee-Junkie von der Firma schreibe ich nicht nur Artikel sondern Suche f\u00fcr euch die aktuellsten Gutscheine, Aktionen oder Rabatte zum sparen. F\u00fcr mich selber sind Gutscheine und Aktionen sehr wichtig! Man erh\u00e4lt n\u00e4mlich bestimmte Artikel [&hellip;]<\/p>","protected":false},"author":1,"featured_media":0,"parent":0,"menu_order":0,"comment_status":"closed","ping_status":"closed","template":"","meta":{"_acf_changed":false,"om_disable_all_campaigns":false,"_monsterinsights_skip_tracking":false,"_monsterinsights_sitenote_active":false,"_monsterinsights_sitenote_note":"","_monsterinsights_sitenote_category":0,"footnotes":""},"acf":[],"amp_enabled":true,"_links":{"self":[{"href":"https:\/\/gutschein-fuer-dich.com\/de\/wp-json\/wp\/v2\/pages\/309"}],"collection":[{"href":"https:\/\/gutschein-fuer-dich.com\/de\/wp-json\/wp\/v2\/pages"}],"about":[{"href":"https:\/\/gutschein-fuer-dich.com\/de\/wp-json\/wp\/v2\/types\/page"}],"author":[{"embeddable":true,"href":"https:\/\/gutschein-fuer-dich.com\/de\/wp-json\/wp\/v2\/users\/1"}],"replies":[{"embeddable":true,"href":"https:\/\/gutschein-fuer-dich.com\/de\/wp-json\/wp\/v2\/comments?post=309"}],"version-history":[{"count":0,"href":"https:\/\/gutschein-fuer-dich.com\/de\/wp-json\/wp\/v2\/pages\/309\/revisions"}],"wp:attachment":[{"href":"https:\/\/gutschein-fuer-dich.com\/de\/wp-json\/wp\/v2\/media?parent=309"}],"curies":[{"name":"wp","href":"https:\/\/api.w.org\/{rel}","templated":true}]}}