{"id":302,"date":"2020-06-25T17:26:44","date_gmt":"2020-06-25T15:26:44","guid":{"rendered":"https:\/\/gutschein-fuer-dich.com\/?page_id=302"},"modified":"2021-03-09T15:58:22","modified_gmt":"2021-03-09T14:58:22","slug":"melina","status":"publish","type":"page","link":"https:\/\/gutschein-fuer-dich.com\/de\/melina\/","title":{"rendered":"<center>Melina<\/center>"},"content":{"rendered":"<div data-elementor-type=\"wp-page\" data-elementor-id=\"302\" class=\"elementor elementor-302\">\n\t\t\t\t\t\t<div class=\"elementor-inner\">\n\t\t\t\t<div class=\"elementor-section-wrap\">\n\t\t\t\t\t\t\t\t\t<section class=\"elementor-section elementor-top-section elementor-element elementor-element-65dccb73 elementor-section-boxed elementor-section-height-default elementor-section-height-default\" data-id=\"65dccb73\" data-element_type=\"section\">\n\t\t\t\t\t\t<div class=\"elementor-container elementor-column-gap-default\">\n\t\t\t\t\t\t\t<div class=\"elementor-row\">\n\t\t\t\t\t<div class=\"elementor-column elementor-col-100 elementor-top-column elementor-element elementor-element-556a5909\" data-id=\"556a5909\" data-element_type=\"column\">\n\t\t\t<div class=\"elementor-column-wrap\">\n\t\t\t\t\t\t\t<div class=\"elementor-widget-wrap\">\n\t\t\t\t\t\t\t\t<\/div>\n\t\t\t\t\t<\/div>\n\t\t<\/div>\n\t\t\t\t\t\t\t\t<\/div>\n\t\t\t\t\t<\/div>\n\t\t<\/section>\n\t\t\t\t<section class=\"elementor-section elementor-top-section elementor-element elementor-element-62cec12 elementor-section-boxed elementor-section-height-default elementor-section-height-default\" data-id=\"62cec12\" data-element_type=\"section\">\n\t\t\t\t\t\t<div class=\"elementor-container elementor-column-gap-default\">\n\t\t\t\t\t\t\t<div class=\"elementor-row\">\n\t\t\t\t\t<div class=\"elementor-column elementor-col-100 elementor-top-column elementor-element elementor-element-d13755c\" data-id=\"d13755c\" data-element_type=\"column\">\n\t\t\t<div class=\"elementor-column-wrap elementor-element-populated\">\n\t\t\t\t\t\t\t<div class=\"elementor-widget-wrap\">\n\t\t\t\t\t\t<div class=\"elementor-element elementor-element-01e210d elementor-widget elementor-widget-spacer\" data-id=\"01e210d\" data-element_type=\"widget\" data-widget_type=\"spacer.default\">\n\t\t\t\t<div class=\"elementor-widget-container\">\n\t\t\t\t\t<div class=\"elementor-spacer\">\n\t\t\t<div class=\"elementor-spacer-inner\"><\/div>\n\t\t<\/div>\n\t\t\t\t<\/div>\n\t\t\t\t<\/div>\n\t\t\t\t<div class=\"elementor-element elementor-element-4d8141a elementor-widget elementor-widget-image\" data-id=\"4d8141a\" data-element_type=\"widget\" data-widget_type=\"image.default\">\n\t\t\t\t<div class=\"elementor-widget-container\">\n\t\t\t\t\t\t\t\t<div class=\"elementor-image\">\n\t\t\t\t\t\t\t\t\t\t\t\t<img loading=\"lazy\" decoding=\"async\" width=\"150\" height=\"150\" src=\"https:\/\/gutschein-fuer-dich.com\/wp-content\/uploads\/2021\/02\/GFD_Melina1-150x150.png\" class=\"attachment-thumbnail size-thumbnail wp-image-19195\" alt=\"\" srcset=\"https:\/\/gutschein-fuer-dich.com\/wp-content\/uploads\/2021\/02\/GFD_Melina1-150x150.png 150w, https:\/\/gutschein-fuer-dich.com\/wp-content\/uploads\/2021\/02\/GFD_Melina1-300x300.png 300w, https:\/\/gutschein-fuer-dich.com\/wp-content\/uploads\/2021\/02\/GFD_Melina1-12x12.png 12w, https:\/\/gutschein-fuer-dich.com\/wp-content\/uploads\/2021\/02\/GFD_Melina1-110x110.png 110w, https:\/\/gutschein-fuer-dich.com\/wp-content\/uploads\/2021\/02\/GFD_Melina1-30x30.png 30w, https:\/\/gutschein-fuer-dich.com\/wp-content\/uploads\/2021\/02\/GFD_Melina1-75x75.png 75w, https:\/\/gutschein-fuer-dich.com\/wp-content\/uploads\/2021\/02\/GFD_Melina1-160x160.png 160w, https:\/\/gutschein-fuer-dich.com\/wp-content\/uploads\/2021\/02\/GFD_Melina1-180x180.png 180w, https:\/\/gutschein-fuer-dich.com\/wp-content\/uploads\/2021\/02\/GFD_Melina1-250x250.png 250w, https:\/\/gutschein-fuer-dich.com\/wp-content\/uploads\/2021\/02\/GFD_Melina1.png 350w\" sizes=\"(max-width: 150px) 100vw, 150px\" title=\"\">\t\t\t\t\t\t\t\t\t\t\t\t\t\t<\/div>\n\t\t\t\t\t\t<\/div>\n\t\t\t\t<\/div>\n\t\t\t\t<div class=\"elementor-element elementor-element-5fa2713 elementor-widget elementor-widget-text-editor\" data-id=\"5fa2713\" data-element_type=\"widget\" data-widget_type=\"text-editor.default\">\n\t\t\t\t<div class=\"elementor-widget-container\">\n\t\t\t\t\t\t\t\t<div class=\"elementor-text-editor elementor-clearfix\">\n\t\t\t\t<center><h3>Redaktionsleitung<\/h3>\n<p class=\"\"><em>Der Online-Kaptain in unserem Shoppingboot.<\/em><\/p>\n<p class=\"\">Hi, ich bin Milena und bei GFD bin ich zust\u00e4ndig f\u00fcr die Leitung und Qualit\u00e4tssicherung unserer Redaktion und somit f\u00fcr alles rund um unsere Partnershops, Gutscheine und Blog-Artikel. Meine t\u00e4gliche Arbeit ist das was mich antreibt und der Kontakt mit unseren Kunden, also mit Dir, liegt mir sehr am Herzen. Als Frau wei\u00df ich, wie schnell ein Online-Shoping-Trip ausarten kann. Ich denke das liegt in der Natur der Frau, dagegen k\u00f6nnen wir nichts unternehmen. Doch, wenn wir bei unserem Einkauf sparen k\u00f6nnen, ist das schlechte Gewissen oftmals schon vergessen. Deswegen bin ich umso gl\u00fccklicher, dass wir Dir genau das mit GFD erm\u00f6glichen k\u00f6nnen. Ich w\u00fcnsche Dir viel Spa\u00df beim Profitieren durch unsere Gutscheine!<\/p>\n\n<div class=\"\"><\/div>\t\t\t\t\t<\/div>\n\t\t\t\t\t\t<\/div>\n\t\t\t\t<\/div>\n\t\t\t\t\t\t<\/div>\n\t\t\t\t\t<\/div>\n\t\t<\/div>\n\t\t\t\t\t\t\t\t<\/div>\n\t\t\t\t\t<\/div>\n\t\t<\/section>\n\t\t\t\t<section class=\"elementor-section elementor-top-section elementor-element elementor-element-de8a674 elementor-section-boxed elementor-section-height-default elementor-section-height-default\" data-id=\"de8a674\" data-element_type=\"section\">\n\t\t\t\t\t\t<div class=\"elementor-container elementor-column-gap-default\">\n\t\t\t\t\t\t\t<div class=\"elementor-row\">\n\t\t\t\t\t<div class=\"elementor-column elementor-col-100 elementor-top-column elementor-element elementor-element-a3b8cf8\" data-id=\"a3b8cf8\" data-element_type=\"column\">\n\t\t\t<div class=\"elementor-column-wrap elementor-element-populated\">\n\t\t\t\t\t\t\t<div class=\"elementor-widget-wrap\">\n\t\t\t\t\t\t<div class=\"elementor-element elementor-element-647bd49 elementor-view-default elementor-widget elementor-widget-icon\" data-id=\"647bd49\" data-element_type=\"widget\" data-widget_type=\"icon.default\">\n\t\t\t\t<div class=\"elementor-widget-container\">\n\t\t\t\t\t<div class=\"elementor-icon-wrapper\">\n\t\t\t<div class=\"elementor-icon\">\n\t\t\t<i aria-hidden=\"true\" class=\"fas fa-star-half-alt\"><\/i>\t\t\t<\/div>\n\t\t<\/div>\n\t\t\t\t<\/div>\n\t\t\t\t<\/div>\n\t\t\t\t<div class=\"elementor-element elementor-element-0726252 elementor-widget elementor-widget-heading\" data-id=\"0726252\" data-element_type=\"widget\" data-widget_type=\"heading.default\">\n\t\t\t\t<div class=\"elementor-widget-container\">\n\t\t\t<h2 class=\"elementor-heading-title elementor-size-default\">Meine Beliebteste Shops <\/h2>\t\t<\/div>\n\t\t\t\t<\/div>\n\t\t\t\t\t\t<\/div>\n\t\t\t\t\t<\/div>\n\t\t<\/div>\n\t\t\t\t\t\t\t\t<\/div>\n\t\t\t\t\t<\/div>\n\t\t<\/section>\n\t\t\t\t<section class=\"elementor-section elementor-top-section elementor-element elementor-element-0dbde74 elementor-section-boxed elementor-section-height-default elementor-section-height-default\" data-id=\"0dbde74\" data-element_type=\"section\">\n\t\t\t\t\t\t<div class=\"elementor-container elementor-column-gap-default\">\n\t\t\t\t\t\t\t<div class=\"elementor-row\">\n\t\t\t\t\t<div class=\"elementor-column elementor-col-100 elementor-top-column elementor-element elementor-element-13d0be6\" data-id=\"13d0be6\" data-element_type=\"column\">\n\t\t\t<div class=\"elementor-column-wrap elementor-element-populated\">\n\t\t\t\t\t\t\t<div class=\"elementor-widget-wrap\">\n\t\t\t\t\t\t<div class=\"elementor-element elementor-element-2c09c93 elementor-widget elementor-widget-heading\" data-id=\"2c09c93\" data-element_type=\"widget\" data-widget_type=\"heading.default\">\n\t\t\t\t<div class=\"elementor-widget-container\">\n\t\t\t<h2 class=\"elementor-heading-title elementor-size-default\">Empfehlungen&nbsp;<\/h2>\t\t<\/div>\n\t\t\t\t<\/div>\n\t\t\t\t<div class=\"elementor-element elementor-element-58f84e2 elementor-widget elementor-widget-wp-widget-monsterinsights-popular-posts-widget\" data-id=\"58f84e2\" data-element_type=\"widget\" data-widget_type=\"wp-widget-monsterinsights-popular-posts-widget.default\">\n\t\t\t\t<div class=\"elementor-widget-container\">\n\t\t\t<div class=\"monsterinsights-widget-popular-posts monsterinsights-widget-popular-posts-charlie monsterinsights-popular-posts-styled monsterinsights-widget-popular-posts-columns-1\"><ul class=\"monsterinsights-widget-popular-posts-list\"><li ><a href=\"https:\/\/gutschein-fuer-dich.com\/de\/urlaub-in-oesterreich-aktiv-werden-wandern\/\"><div class=\"monsterinsights-widget-popular-posts-text\"><span class=\"monsterinsights-widget-popular-posts-title\" >Urlaub in \u00d6sterreich &#8211; aktiv werden &#038; wandern<\/span><\/div><\/a><\/li><li ><a href=\"https:\/\/gutschein-fuer-dich.com\/de\/in-urlaub-fahren-urlaub-ohne-pcr-test\/\"><div class=\"monsterinsights-widget-popular-posts-text\"><span class=\"monsterinsights-widget-popular-posts-title\" >In Urlaub fahren \u2708\ufe0f Urlaub ohne PCR Test<\/span><\/div><\/a><\/li><li ><a href=\"https:\/\/gutschein-fuer-dich.com\/de\/top-getraenke-fuer-den-winter\/\"><div class=\"monsterinsights-widget-popular-posts-text\"><span class=\"monsterinsights-widget-popular-posts-title\" >Top Getr\u00e4nke f\u00fcr den Winter<\/span><\/div><\/a><\/li><li ><a href=\"https:\/\/gutschein-fuer-dich.com\/de\/neues-iphone-ja-oder-nein-ist-es-nur\/\"><div class=\"monsterinsights-widget-popular-posts-text\"><span class=\"monsterinsights-widget-popular-posts-title\" >Neues iPhone 13 ja oder nein? \ud83d\udcf1 Ist es nur teurer oder auch besser?<\/span><\/div><\/a><\/li><li ><a href=\"https:\/\/gutschein-fuer-dich.com\/de\/kuchenkauf-in-corona-zeiten-der-deutschen\/\"><div class=\"monsterinsights-widget-popular-posts-text\"><span class=\"monsterinsights-widget-popular-posts-title\" >K\u00fcchenkauf in Corona Zeiten \ud83d\udc68\u200d\ud83c\udf73 der Griff zum Kochl\u00f6ffel<\/span><\/div><\/a><\/li><\/ul><\/div><p><\/p>\t\t<\/div>\n\t\t\t\t<\/div>\n\t\t\t\t<div class=\"elementor-element elementor-element-cca2a0c elementor-widget elementor-widget-heading\" data-id=\"cca2a0c\" data-element_type=\"widget\" data-widget_type=\"heading.default\">\n\t\t\t\t<div class=\"elementor-widget-container\">\n\t\t\t<h2 class=\"elementor-heading-title elementor-size-default\">Folgen Sie uns weiter auf <\/h2>\t\t<\/div>\n\t\t\t\t<\/div>\n\t\t\t\t<div class=\"elementor-element elementor-element-3dee418 elementor-shape-circle elementor-grid-0 e-grid-align-center elementor-widget elementor-widget-social-icons\" data-id=\"3dee418\" data-element_type=\"widget\" data-widget_type=\"social-icons.default\">\n\t\t\t\t<div class=\"elementor-widget-container\">\n\t\t\t\t\t<div class=\"elementor-social-icons-wrapper elementor-grid\">\n\t\t\t\t\t\t\t<span class=\"elementor-grid-item\">\n\t\t\t\t\t<a class=\"elementor-icon elementor-social-icon elementor-social-icon-facebook elementor-repeater-item-e3032d2\" href=\"https:\/\/www.facebook.com\/gutscheinfuer\" target=\"_blank\" rel=\"noopener\">\n\t\t\t\t\t\t<span class=\"elementor-screen-only\">Facebook<\/span>\n\t\t\t\t\t\t<i class=\"fab fa-facebook\"><\/i>\t\t\t\t\t<\/a>\n\t\t\t\t<\/span>\n\t\t\t\t\t\t\t<span class=\"elementor-grid-item\">\n\t\t\t\t\t<a class=\"elementor-icon elementor-social-icon elementor-social-icon-twitter elementor-repeater-item-15702e9\" target=\"_blank\">\n\t\t\t\t\t\t<span class=\"elementor-screen-only\">Twitter<\/span>\n\t\t\t\t\t\t<i class=\"fab fa-twitter\"><\/i>\t\t\t\t\t<\/a>\n\t\t\t\t<\/span>\n\t\t\t\t\t\t\t<span class=\"elementor-grid-item\">\n\t\t\t\t\t<a class=\"elementor-icon elementor-social-icon elementor-social-icon-youtube elementor-repeater-item-8bb2c4e\" target=\"_blank\">\n\t\t\t\t\t\t<span class=\"elementor-screen-only\">Youtube<\/span>\n\t\t\t\t\t\t<i class=\"fab fa-youtube\"><\/i>\t\t\t\t\t<\/a>\n\t\t\t\t<\/span>\n\t\t\t\t\t<\/div>\n\t\t\t\t<\/div>\n\t\t\t\t<\/div>\n\t\t\t\t\t\t<\/div>\n\t\t\t\t\t<\/div>\n\t\t<\/div>\n\t\t\t\t\t\t\t\t<\/div>\n\t\t\t\t\t<\/div>\n\t\t<\/section>\n\t\t\t\t\t\t\t\t\t<\/div>\n\t\t\t<\/div>\n\t\t\t\t\t<\/div>\n\t\t<div class=\"gutsc-gutscheine_mit_yieldscale\" style=\"margin-top: 10px;margin-bottom: 10px;\" id=\"gutsc-2870934558\"><img loading=\"lazy\" decoding=\"async\" src=\"https:\/\/gutschein-fuer-dich.com\/wp-content\/plugins\/advanced-ads\/public\/assets\/img\/dummy.jpg\" width=\"300\" height=\"250\" style=\"display: inline-block;\" \/><\/div>","protected":false},"excerpt":{"rendered":"<p>Redaktionsleitung Der Online-Kaptain in unserem Shoppingboot. Hi, ich bin Milena und bei GFD bin ich zust\u00e4ndig f\u00fcr die Leitung und Qualit\u00e4tssicherung unserer Redaktion und somit f\u00fcr alles rund um unsere Partnershops, Gutscheine und Blog-Artikel. Meine t\u00e4gliche Arbeit ist das was mich antreibt und der Kontakt mit unseren Kunden, also mit Dir, liegt mir sehr am [&hellip;]<\/p>","protected":false},"author":1,"featured_media":0,"parent":0,"menu_order":0,"comment_status":"closed","ping_status":"closed","template":"elementor_header_footer","meta":{"_acf_changed":false,"om_disable_all_campaigns":false,"_monsterinsights_skip_tracking":false,"_monsterinsights_sitenote_active":false,"_monsterinsights_sitenote_note":"","_monsterinsights_sitenote_category":0,"footnotes":""},"acf":[],"amp_enabled":true,"_links":{"self":[{"href":"https:\/\/gutschein-fuer-dich.com\/de\/wp-json\/wp\/v2\/pages\/302"}],"collection":[{"href":"https:\/\/gutschein-fuer-dich.com\/de\/wp-json\/wp\/v2\/pages"}],"about":[{"href":"https:\/\/gutschein-fuer-dich.com\/de\/wp-json\/wp\/v2\/types\/page"}],"author":[{"embeddable":true,"href":"https:\/\/gutschein-fuer-dich.com\/de\/wp-json\/wp\/v2\/users\/1"}],"replies":[{"embeddable":true,"href":"https:\/\/gutschein-fuer-dich.com\/de\/wp-json\/wp\/v2\/comments?post=302"}],"version-history":[{"count":0,"href":"https:\/\/gutschein-fuer-dich.com\/de\/wp-json\/wp\/v2\/pages\/302\/revisions"}],"wp:attachment":[{"href":"https:\/\/gutschein-fuer-dich.com\/de\/wp-json\/wp\/v2\/media?parent=302"}],"curies":[{"name":"wp","href":"https:\/\/api.w.org\/{rel}","templated":true}]}}